{"id":479,"date":"2024-02-23T14:09:43","date_gmt":"2024-02-23T13:09:43","guid":{"rendered":"https:\/\/www.diversidees.be\/?page_id=479"},"modified":"2024-02-29T10:55:44","modified_gmt":"2024-02-29T09:55:44","slug":"contact","status":"publish","type":"page","link":"https:\/\/www.diversidees.be\/index.php\/contact\/","title":{"rendered":"Contact"},"content":{"rendered":"\n<div style=\"height:100px\" aria-hidden=\"true\" class=\"wp-block-spacer\"><\/div>\n\n\n\n<div class=\"wp-block-cover alignwide has-nv-dark-bg-color has-text-color has-link-color wp-elements-5c49a0e8983132b2aa4e7b499e101a39\" style=\"min-height:198px;aspect-ratio:unset;\"><span aria-hidden=\"true\" class=\"wp-block-cover__background has-nv-site-bg-background-color has-background-dim-100 has-background-dim\"><\/span><div class=\"wp-block-cover__inner-container is-layout-flow wp-block-cover-is-layout-flow\">\n<div class=\"wp-block-columns is-layout-flex wp-container-core-columns-is-layout-9d6595d7 wp-block-columns-is-layout-flex\">\n<div class=\"wp-block-column is-layout-flow wp-block-column-is-layout-flow\" style=\"flex-basis:100%\">\n<div class=\"wp-block-group\"><div class=\"wp-block-group__inner-container is-layout-flow wp-block-group-is-layout-flow\">\n<div class=\"wp-block-columns is-layout-flex wp-container-core-columns-is-layout-9d6595d7 wp-block-columns-is-layout-flex\">\n<div class=\"wp-block-column is-layout-flow wp-block-column-is-layout-flow\" style=\"flex-basis:33.34%\">\n<div class=\"wp-block-cover has-nv-dark-bg-color has-text-color has-link-color wp-elements-fec274fb66bf96e8c2232bd8d5315142\" style=\"border-radius:22px;min-height:93px;aspect-ratio:unset;\"><span aria-hidden=\"true\" class=\"wp-block-cover__background has-neve-link-color-background-color has-background-dim\"><\/span><img loading=\"lazy\" decoding=\"async\" width=\"1123\" height=\"794\" class=\"wp-block-cover__image-background wp-image-522\" alt=\"\" src=\"http:\/\/www.diversidees.be\/wp-content\/uploads\/2024\/02\/banniere-A4-triangle-et-angle-orange.png\" data-object-fit=\"cover\" srcset=\"https:\/\/www.diversidees.be\/wp-content\/uploads\/2024\/02\/banniere-A4-triangle-et-angle-orange.png 1123w, https:\/\/www.diversidees.be\/wp-content\/uploads\/2024\/02\/banniere-A4-triangle-et-angle-orange-300x212.png 300w, https:\/\/www.diversidees.be\/wp-content\/uploads\/2024\/02\/banniere-A4-triangle-et-angle-orange-1024x724.png 1024w, https:\/\/www.diversidees.be\/wp-content\/uploads\/2024\/02\/banniere-A4-triangle-et-angle-orange-768x543.png 768w\" sizes=\"auto, (max-width: 1123px) 100vw, 1123px\" \/><div class=\"wp-block-cover__inner-container is-layout-constrained wp-block-cover-is-layout-constrained\">\n<h3 class=\"wp-block-heading has-text-align-center\">Infos<\/h3>\n<\/div><\/div>\n<\/div>\n\n\n\n<div class=\"wp-block-column is-layout-flow wp-block-column-is-layout-flow\" style=\"flex-basis:33.33%\">\n<div class=\"wp-block-cover has-nv-dark-bg-color has-text-color has-link-color wp-elements-cea88d7e3942a9e0ffed890edd564bb6\" style=\"border-radius:22px;min-height:93px;aspect-ratio:unset;\"><span aria-hidden=\"true\" class=\"wp-block-cover__background has-neve-link-hover-color-background-color has-background-dim\"><\/span><img loading=\"lazy\" decoding=\"async\" width=\"1123\" height=\"794\" class=\"wp-block-cover__image-background wp-image-519\" alt=\"\" src=\"http:\/\/www.diversidees.be\/wp-content\/uploads\/2024\/02\/banniere-A4-triangle-et-angle-bleu.png\" data-object-fit=\"cover\" srcset=\"https:\/\/www.diversidees.be\/wp-content\/uploads\/2024\/02\/banniere-A4-triangle-et-angle-bleu.png 1123w, https:\/\/www.diversidees.be\/wp-content\/uploads\/2024\/02\/banniere-A4-triangle-et-angle-bleu-300x212.png 300w, https:\/\/www.diversidees.be\/wp-content\/uploads\/2024\/02\/banniere-A4-triangle-et-angle-bleu-1024x724.png 1024w, https:\/\/www.diversidees.be\/wp-content\/uploads\/2024\/02\/banniere-A4-triangle-et-angle-bleu-768x543.png 768w\" sizes=\"auto, (max-width: 1123px) 100vw, 1123px\" \/><div class=\"wp-block-cover__inner-container is-layout-constrained wp-block-cover-is-layout-constrained\">\n<h3 class=\"wp-block-heading has-text-align-center\">Devis<\/h3>\n<\/div><\/div>\n<\/div>\n\n\n\n<div class=\"wp-block-column is-layout-flow wp-block-column-is-layout-flow\" style=\"flex-basis:33.33%\">\n<div class=\"wp-block-cover has-nv-dark-bg-color has-text-color has-link-color wp-elements-aede535005fd70665f0abae3d2897a93\" style=\"border-radius:22px;min-height:93px;aspect-ratio:unset;\"><span aria-hidden=\"true\" class=\"wp-block-cover__background has-nv-c-1-background-color has-background-dim\"><\/span><img loading=\"lazy\" decoding=\"async\" width=\"1123\" height=\"794\" class=\"wp-block-cover__image-background wp-image-517\" alt=\"\" src=\"http:\/\/www.diversidees.be\/wp-content\/uploads\/2024\/02\/banniere-A4-triangle-et-angle-jaune.png\" data-object-fit=\"cover\" srcset=\"https:\/\/www.diversidees.be\/wp-content\/uploads\/2024\/02\/banniere-A4-triangle-et-angle-jaune.png 1123w, https:\/\/www.diversidees.be\/wp-content\/uploads\/2024\/02\/banniere-A4-triangle-et-angle-jaune-300x212.png 300w, https:\/\/www.diversidees.be\/wp-content\/uploads\/2024\/02\/banniere-A4-triangle-et-angle-jaune-1024x724.png 1024w, https:\/\/www.diversidees.be\/wp-content\/uploads\/2024\/02\/banniere-A4-triangle-et-angle-jaune-768x543.png 768w\" sizes=\"auto, (max-width: 1123px) 100vw, 1123px\" \/><div class=\"wp-block-cover__inner-container is-layout-constrained wp-block-cover-is-layout-constrained\">\n<h3 class=\"wp-block-heading has-text-align-center\">March\u00e9 Public<\/h3>\n<\/div><\/div>\n<\/div>\n<\/div>\n<\/div><\/div>\n<\/div>\n<\/div>\n<\/div><\/div>\n\n\n\n<h2 class=\"wp-block-heading alignwide has-text-align-center\">Contactez-nous !<\/h2>\n\n\n<div class=\"wp-block-image\">\n<figure class=\"aligncenter size-full is-resized\"><a href=\"mailto:info@diversidees.be\"><img loading=\"lazy\" decoding=\"async\" width=\"191\" height=\"191\" src=\"http:\/\/www.diversidees.be\/wp-content\/uploads\/2024\/02\/email-sm-logo-mail-blanc.png\" alt=\"\" class=\"wp-image-399\" style=\"width:191px;height:auto\" srcset=\"https:\/\/www.diversidees.be\/wp-content\/uploads\/2024\/02\/email-sm-logo-mail-blanc.png 191w, https:\/\/www.diversidees.be\/wp-content\/uploads\/2024\/02\/email-sm-logo-mail-blanc-150x150.png 150w\" sizes=\"auto, (max-width: 191px) 100vw, 191px\" \/><\/a><\/figure>\n<\/div>\n\n\n<h3 class=\"wp-block-heading has-text-align-center has-nv-dark-bg-color has-text-color has-link-color wp-elements-034a27466dc5d5bc81f262637c5a34c7\"><a href=\"mailto:info@diversidees.be\" target=\"_blank\" rel=\"noreferrer noopener\">E-mail<\/a><\/h3>\n\n\n\n<p class=\"has-text-align-center\">info@diversidees.be<\/p>\n\n\n\n<div style=\"height:13px\" aria-hidden=\"true\" class=\"wp-block-spacer\"><\/div>\n\n\n\n<div class=\"wp-block-cover alignwide\" style=\"border-radius:22px;min-height:697px;aspect-ratio:unset;\"><span aria-hidden=\"true\" class=\"wp-block-cover__background has-neve-link-color-background-color has-background-dim-30 has-background-dim\"><\/span><img loading=\"lazy\" decoding=\"async\" width=\"1123\" height=\"794\" class=\"wp-block-cover__image-background wp-image-516\" alt=\"\" src=\"http:\/\/www.diversidees.be\/wp-content\/uploads\/2024\/02\/banniere-A4-triangle-et-angle-multicolore-1.png\" data-object-fit=\"cover\" srcset=\"https:\/\/www.diversidees.be\/wp-content\/uploads\/2024\/02\/banniere-A4-triangle-et-angle-multicolore-1.png 1123w, https:\/\/www.diversidees.be\/wp-content\/uploads\/2024\/02\/banniere-A4-triangle-et-angle-multicolore-1-300x212.png 300w, https:\/\/www.diversidees.be\/wp-content\/uploads\/2024\/02\/banniere-A4-triangle-et-angle-multicolore-1-1024x724.png 1024w, https:\/\/www.diversidees.be\/wp-content\/uploads\/2024\/02\/banniere-A4-triangle-et-angle-multicolore-1-768x543.png 768w\" sizes=\"auto, (max-width: 1123px) 100vw, 1123px\" \/><div class=\"wp-block-cover__inner-container is-layout-flow wp-block-cover-is-layout-flow\">\n<div class=\"wp-block-media-text is-stacked-on-mobile is-vertically-aligned-center\" style=\"grid-template-columns:28% auto\"><figure class=\"wp-block-media-text__media\"><img loading=\"lazy\" decoding=\"async\" width=\"191\" height=\"191\" src=\"http:\/\/www.diversidees.be\/wp-content\/uploads\/2024\/02\/email-sm-logo-mail-blanc.png\" alt=\"\" class=\"wp-image-399 size-full\" srcset=\"https:\/\/www.diversidees.be\/wp-content\/uploads\/2024\/02\/email-sm-logo-mail-blanc.png 191w, https:\/\/www.diversidees.be\/wp-content\/uploads\/2024\/02\/email-sm-logo-mail-blanc-150x150.png 150w\" sizes=\"auto, (max-width: 191px) 100vw, 191px\" \/><\/figure><div class=\"wp-block-media-text__content\">\n<h2 class=\"wp-block-heading has-nv-dark-bg-color has-text-color has-link-color wp-elements-475d814f69ecbcff09a801df7c95c367\"><strong><span style=\"text-decoration: underline;\">Formulaire de contact<\/span><\/strong><\/h2>\n\n\n\n<div id=\"wp-block-themeisle-blocks-form-f2362eb4\" class=\"wp-block-themeisle-blocks-form\" data-option-name=\"bf9b28ff82ce323187abc5d0feb0d8f07ecd8436_f2362eb4\"><form class=\"otter-form__container\">\n<div id=\"wp-block-themeisle-blocks-form-input-487f3ce3\" class=\"wp-block-themeisle-blocks-form-input\"><label for=\"wp-block-themeisle-blocks-form-input-487f3ce3-input\" class=\"otter-form-input-label\"><span class=\"otter-form-input-label__label\">Nom<\/span><span class=\"required\">*<\/span><\/label><input type=\"text\" id=\"wp-block-themeisle-blocks-form-input-487f3ce3-input\" required class=\"otter-form-input\"\/><\/div>\n\n\n\n<div id=\"wp-block-themeisle-blocks-form-input-0f5d5fc3\" class=\"wp-block-themeisle-blocks-form-input\"><label for=\"wp-block-themeisle-blocks-form-input-0f5d5fc3-input\" class=\"otter-form-input-label\"><span class=\"otter-form-input-label__label\">E-mail<\/span><span class=\"required\">*<\/span><\/label><input type=\"email\" id=\"wp-block-themeisle-blocks-form-input-0f5d5fc3-input\" required class=\"otter-form-input\"\/><\/div>\n\n\n<div class=\"protection\" aria-hidden=\"true\"><input type=\"hidden\" id=\"wp-block-themeisle-blocks-form-f2362eb4_nonce_field\" name=\"wp-block-themeisle-blocks-form-f2362eb4_nonce_field\" value=\"1dec2cfebd\" \/><input type=\"hidden\" name=\"_wp_http_referer\" value=\"\/index.php\/wp-json\/wp\/v2\/pages\/479\" \/><input class=\"o-anti-bot\" type=\"checkbox\"><\/div>\n\n\n<div id=\"wp-block-themeisle-blocks-form-textarea-4d0a8852\" class=\"wp-block-themeisle-blocks-form-textarea\"><label for=\"wp-block-themeisle-blocks-form-textarea-4d0a8852-input\" class=\"otter-form-textarea-label\"><span class=\"otter-form-textarea-label__label\">Message<\/span><\/label><textarea id=\"wp-block-themeisle-blocks-form-textarea-4d0a8852-input\" rows=\"10\" class=\"otter-form-textarea-input\"><\/textarea><\/div>\n<div class=\"wp-block-button\"><button class=\"wp-block-button__link\" type=\"submit\">Envoyer<\/button><\/div><\/form><\/div>\n<\/div><\/div>\n<\/div><\/div>\n\n\n\n<div style=\"height:16px\" aria-hidden=\"true\" class=\"wp-block-spacer\"><\/div>\n\n\n\n<div class=\"wp-block-cover alignwide\" style=\"border-radius:22px;min-height:535px;aspect-ratio:unset;\"><span aria-hidden=\"true\" class=\"wp-block-cover__background has-neve-link-hover-color-background-color has-background-dim-20 has-background-dim\"><\/span><img loading=\"lazy\" decoding=\"async\" width=\"1123\" height=\"794\" class=\"wp-block-cover__image-background wp-image-519\" alt=\"\" src=\"http:\/\/www.diversidees.be\/wp-content\/uploads\/2024\/02\/banniere-A4-triangle-et-angle-bleu.png\" style=\"object-position:57% 57%\" data-object-fit=\"cover\" data-object-position=\"57% 57%\" srcset=\"https:\/\/www.diversidees.be\/wp-content\/uploads\/2024\/02\/banniere-A4-triangle-et-angle-bleu.png 1123w, https:\/\/www.diversidees.be\/wp-content\/uploads\/2024\/02\/banniere-A4-triangle-et-angle-bleu-300x212.png 300w, https:\/\/www.diversidees.be\/wp-content\/uploads\/2024\/02\/banniere-A4-triangle-et-angle-bleu-1024x724.png 1024w, https:\/\/www.diversidees.be\/wp-content\/uploads\/2024\/02\/banniere-A4-triangle-et-angle-bleu-768x543.png 768w\" sizes=\"auto, (max-width: 1123px) 100vw, 1123px\" \/><div class=\"wp-block-cover__inner-container is-layout-flow wp-block-cover-is-layout-flow\">\n<div class=\"wp-block-group\" style=\"padding-right:var(--wp--preset--spacing--50);padding-left:var(--wp--preset--spacing--50)\"><div class=\"wp-block-group__inner-container is-layout-constrained wp-container-core-group-is-layout-f3e0733b wp-block-group-is-layout-constrained\">\n<h2 class=\"wp-block-heading has-nv-dark-bg-color has-text-color has-link-color wp-elements-57144036739f766ef3b8e8456abb4889\"><span style=\"text-decoration: underline;\">Infos pratiques<\/span><\/h2>\n\n\n\n<h3 class=\"wp-block-heading has-nv-dark-bg-color has-text-color has-link-color wp-elements-440f77ea3b24f77d6beed1eb1a118a6e\">DIVERS\u00b7ID\u00c9ES<\/h3>\n\n\n\n<div class=\"wp-block-columns has-nv-dark-bg-color has-text-color has-link-color wp-elements-1138d0242c0df9bbc6755cfbe25cc803 is-layout-flex wp-container-core-columns-is-layout-9d6595d7 wp-block-columns-is-layout-flex\">\n<div class=\"wp-block-column is-layout-flow wp-block-column-is-layout-flow\">\n<h3 class=\"wp-block-heading has-nv-dark-bg-color has-text-color has-link-color wp-elements-4e948e80372977126744f5f1d98575f5\">Coordonn\u00e9es<\/h3>\n\n\n\n<p>Divers\u00b7id\u00e9es, ce sont des formations et ateliers propuls\u00e9s par&nbsp;:<br><br><em>Circulez y a Rien \u00e0 Voir (activit\u00e9 12034)<\/em><br><em>Productions Associ\u00e9es asbl<\/em><br><em>Rue Coenraets, 72<\/em><br><em>B-1060 Bruxelles<\/em><br><em>TVA&nbsp;: BE 0896755397<\/em><\/p>\n<\/div>\n\n\n\n<div class=\"wp-block-column is-layout-flow wp-block-column-is-layout-flow\">\n<h3 class=\"wp-block-heading has-nv-dark-bg-color has-text-color has-link-color wp-elements-2ab3feff86796e9290d0a1b0bde646d0\">Horaires<\/h3>\n\n\n\n<p>Lundi-Vendredi : 09h-16h30<\/p>\n<\/div>\n<\/div>\n<\/div><\/div>\n<\/div><\/div>\n\n\n\n<div style=\"height:25px\" aria-hidden=\"true\" class=\"wp-block-spacer\"><\/div>\n","protected":false},"excerpt":{"rendered":"<p>Contactez-nous ! E-mail info@diversidees.be<\/p>\n","protected":false},"author":1,"featured_media":0,"parent":0,"menu_order":0,"comment_status":"closed","ping_status":"closed","template":"","meta":{"neve_meta_sidebar":"","neve_meta_container":"","neve_meta_enable_content_width":"","neve_meta_content_width":0,"neve_meta_title_alignment":"","neve_meta_author_avatar":"","neve_post_elements_order":"","neve_meta_disable_header":"","neve_meta_disable_footer":"","neve_meta_disable_title":"on","_themeisle_gutenberg_block_has_review":false,"footnotes":""},"class_list":["post-479","page","type-page","status-publish","hentry"],"_links":{"self":[{"href":"https:\/\/www.diversidees.be\/index.php\/wp-json\/wp\/v2\/pages\/479","targetHints":{"allow":["GET"]}}],"collection":[{"href":"https:\/\/www.diversidees.be\/index.php\/wp-json\/wp\/v2\/pages"}],"about":[{"href":"https:\/\/www.diversidees.be\/index.php\/wp-json\/wp\/v2\/types\/page"}],"author":[{"embeddable":true,"href":"https:\/\/www.diversidees.be\/index.php\/wp-json\/wp\/v2\/users\/1"}],"replies":[{"embeddable":true,"href":"https:\/\/www.diversidees.be\/index.php\/wp-json\/wp\/v2\/comments?post=479"}],"version-history":[{"count":10,"href":"https:\/\/www.diversidees.be\/index.php\/wp-json\/wp\/v2\/pages\/479\/revisions"}],"predecessor-version":[{"id":626,"href":"https:\/\/www.diversidees.be\/index.php\/wp-json\/wp\/v2\/pages\/479\/revisions\/626"}],"wp:attachment":[{"href":"https:\/\/www.diversidees.be\/index.php\/wp-json\/wp\/v2\/media?parent=479"}],"curies":[{"name":"wp","href":"https:\/\/api.w.org\/{rel}","templated":true}]}}